{"id":8,"date":"2012-11-28T07:29:56","date_gmt":"2012-11-28T06:29:56","guid":{"rendered":"http:\/\/laurentportier.fr\/WordPress3\/?page_id=8"},"modified":"2021-02-02T09:40:40","modified_gmt":"2021-02-02T08:40:40","slug":"diplomes","status":"publish","type":"page","link":"https:\/\/laurentportier.fr\/WordPress3\/diplomes\/","title":{"rendered":"Diplomes"},"content":{"rendered":"<p>Certificat d Aptitude au Professorat d Enseignement Sup\u00e9rieur en M\u00e9decine Acupuncturale CAPESMA CCREAT 2017<\/p>\n<p>Dipl\u00f4me National Sup\u00e9rieur de M\u00e9decine Acupuncturale\u00a0 DNSMA CSNAT 2014<\/p>\n<p>Mast\u00e8re Sp\u00e9cialis\u00e9 Management de la Sant\u00e9 et industries pharmaceutiques ESCEM Tours 2011-2012.<\/p>\n<p>Acupuncture Spatio Temporelle (bas\u00e9e sur les m\u00e9thodes WuYunLiuQi, Linguibafa) 2009<\/p>\n<p>Modules Acupuncture, Pharmacop\u00e9e Universit\u00e9\/H\u00f4pitaux de Shanghai 2006 et de HangZhou 2007.<\/p>\n<p>Module Acupuncture Vietnamienne H\u00f4pital de H\u00f4 chi min (Saigon) D\u00e9cembre 2006<\/p>\n<p>Dipl\u00f4me de BaZi (Bilan \u00e9nerg\u00e9tique Chinois) Cercle sinologique de l Ouest (CSO) Rennes 2003<\/p>\n<p>Dipl\u00f4me de MTC (Acupuncture et Anmo Tuina) Centre d\u2019\u00e9tudes des th\u00e9rapies chinoises (CETC) Paris 1999-2002<\/p>\n<p>Dipl\u00f4me de Kin\u00e9siologie appliqu\u00e9e (TFH,Brain Gym,\u2026) Tours 1997-1998<\/p>\n<p>15 ans en tant qu\u2019ing\u00e9nieur dans l\u2019industrie ferroviaire et automobile (Ing\u00e9nieur \u00c9lectronicien ESEO Angers 1993)<\/p>\n<p>Charg\u00e9 des Relation interculturelles du Conseil\u00a0Sup\u00e9rieur\u00a0National d Acupuncture Traditionnelle<\/p>\n","protected":false},"excerpt":{"rendered":"<p>Certificat d Aptitude au Professorat d Enseignement Sup\u00e9rieur en M\u00e9decine Acupuncturale CAPESMA CCREAT 2017 Dipl\u00f4me National Sup\u00e9rieur de M\u00e9decine Acupuncturale\u00a0 DNSMA CSNAT 2014 Mast\u00e8re Sp\u00e9cialis\u00e9 Management de la Sant\u00e9 et industries pharmaceutiques ESCEM Tours 2011-2012. Acupuncture Spatio Temporelle (bas\u00e9e sur les m\u00e9thodes WuYunLiuQi, Linguibafa) 2009 Modules Acupuncture, Pharmacop\u00e9e Universit\u00e9\/H\u00f4pitaux de \u2026 <a class=\"continue-reading-link\" href=\"https:\/\/laurentportier.fr\/WordPress3\/diplomes\/\"> Continue reading <span class=\"meta-nav\">&rarr; <\/span><\/a><\/p>\n","protected":false},"author":1,"featured_media":0,"parent":0,"menu_order":0,"comment_status":"closed","ping_status":"open","template":"","meta":[],"_links":{"self":[{"href":"https:\/\/laurentportier.fr\/WordPress3\/wp-json\/wp\/v2\/pages\/8"}],"collection":[{"href":"https:\/\/laurentportier.fr\/WordPress3\/wp-json\/wp\/v2\/pages"}],"about":[{"href":"https:\/\/laurentportier.fr\/WordPress3\/wp-json\/wp\/v2\/types\/page"}],"author":[{"embeddable":true,"href":"https:\/\/laurentportier.fr\/WordPress3\/wp-json\/wp\/v2\/users\/1"}],"replies":[{"embeddable":true,"href":"https:\/\/laurentportier.fr\/WordPress3\/wp-json\/wp\/v2\/comments?post=8"}],"version-history":[{"count":10,"href":"https:\/\/laurentportier.fr\/WordPress3\/wp-json\/wp\/v2\/pages\/8\/revisions"}],"predecessor-version":[{"id":169,"href":"https:\/\/laurentportier.fr\/WordPress3\/wp-json\/wp\/v2\/pages\/8\/revisions\/169"}],"wp:attachment":[{"href":"https:\/\/laurentportier.fr\/WordPress3\/wp-json\/wp\/v2\/media?parent=8"}],"curies":[{"name":"wp","href":"https:\/\/api.w.org\/{rel}","templated":true}]}}