{"id":5,"date":"2012-11-28T07:28:39","date_gmt":"2012-11-28T06:28:39","guid":{"rendered":"http:\/\/laurentportier.fr\/WordPress3\/?page_id=5"},"modified":"2021-04-01T18:55:45","modified_gmt":"2021-04-01T16:55:45","slug":"accueil","status":"publish","type":"page","link":"https:\/\/laurentportier.fr\/WordPress3\/","title":{"rendered":"Accueil"},"content":{"rendered":"<p>Lors de la fin de mes \u00e9tudes en 1993 pour obtenir mon dipl\u00f4me d\u2019ing\u00e9nieur \u00e9lectronicien, je d\u00e9couvre et commence s\u00e9rieusement \u00e0 explorer le fonctionnement du corps\/esprit de l\u2019\u00eatre humain. Je d\u00e9marre alors une collecte et une recherche autour de ce sujet pendant quelques ann\u00e9es et d\u00e9cide finalement de reprendre des \u00e9tudes en 1999 pour apprendre et pratiquer l&rsquo;energetique traditionnelle chinoise, form\u00e9 par le CETC (centre d\u2019\u00e9tudes et techniques chinoises) \u00e0 Paris avec Philippe Laurent et en cabinet avec Andr\u00e9 Bernard. J\u2019ouvre donc un cabinet sur Tours en 2001 et commence \u00e0 pratiquer. Puis une opportunit\u00e9 de partir en Asie pendant 4 ann\u00e9es avec ma famille ouvre une porte inesp\u00e9r\u00e9e pour connaitre in vivo la culture asiatique (japonaise et chinoise).<\/p>\n<p>Le d\u00e9but du voyage asiatique commence par un an au Japon \u00e0 Tokyo 2004-2005.<\/p>\n<p>Les premiers \u00e9changes sont \u00e0 but de pratique : Karat\u00e9 , Zhen Si dans une clinique priv\u00e9e.<\/p>\n<p>Puis 3 ans en Chine \u00e0 Shanghai 2005-2008 : Pratique de karat\u00e9 et tai-chi de type yang puis chan, rencontres avec plusieurs praticiens en h\u00f4pitaux de MTC.<\/p>\n<p>Rencontre avec une \u00e9quipe chinoise d\u00e9veloppant des recherches et pratiques autour des sujets suivants 2007-2008 :<\/p>\n<p>Energetique traditionnelle chinoise \u4e2d\u533b<br \/>\nBazi m\u00e9dical\u516b\u5b57, Fengshui m\u00e9dical\u98ce\u6c34<br \/>\nTrans-generational, g\u00e9n\u00e9tique \u57fa\u56e0<br \/>\nCalendrier et cycle<br \/>\nScience de la vie ShengMing \u751f\u547d\u4fe1\u606f\u4f20\u5bfc\u6280\u672f, \u751f\u547d\u80fd\u91cf\u4f20\u5bfc\u6280\u672f<br \/>\nM\u00e9ditation \u51a5\u60f3, Chan \u7985\u5b9a, Boudhisme\u4f5b, Tao\u9053, Confucius\u5112<br \/>\nTuina, shiatsu, do in, r\u00e9flexologie<br \/>\nZhou Yi\u6613\u5b66, Yi jing, Fang Ming (sinocube), math\u00e9matique des cycles.<br \/>\nTaichi, Qi gong, karat\u00e9 et autres arts martiaux<\/p>\n<p>Mon exp\u00e9rience d\u2019ing\u00e9nieur pendant 15 ans en milieu industriel ferroviaire et automobile a \u00e9t\u00e9 un terrain d\u2019observation humaine sur les comportements, les diff\u00e9rentes structures organisationnelles des entreprises, les conflits, les jeux de pouvoir, la gestion de la double contrainte et du paradoxe, la connaissance des soucis de pressions psychologiques que vivent la plupart des salari\u00e9s de nos jours.<\/p>\n<p>L&rsquo;Energetique Traditionnelle Chinoise et ses disciplines annexes comme le Bazi permettent d\u2019apporter des solutions aux personnes venant en s\u00e9ance.<\/p>\n<p class=\"x_MsoNormal\">Elle a pour but de r\u00e9aliser un bilan \u00e9nerg\u00e9tique permettant de mener un r\u00e9\u00e9quilibrage du bien-\u00eatre physique et mental de la personne.<\/p>\n<p class=\"x_MsoNormal\">C\u2019est une m\u00e9decine holistique qui vient potentialiser les effets de la m\u00e9decine conventionnelle mais qui n&rsquo;\u00e9tablit pas de diagnostic m\u00e9dical et ne peut remplacer le traitement d&rsquo;une maladie.<\/p>\n<p class=\"x_MsoNormal\">Les s\u00e9ances d\u2019\u00c9nerg\u00e9tique Traditionnelle Chinoise sont un accompagnement au suivi m\u00e9dical traditionnel de la personne lui permettant d&rsquo;am\u00e9liorer sa sant\u00e9 de mani\u00e8re globale.<\/p>\n","protected":false},"excerpt":{"rendered":"<p>Lors de la fin de mes \u00e9tudes en 1993 pour obtenir mon dipl\u00f4me d\u2019ing\u00e9nieur \u00e9lectronicien, je d\u00e9couvre et commence s\u00e9rieusement \u00e0 explorer le fonctionnement du corps\/esprit de l\u2019\u00eatre humain. Je d\u00e9marre alors une collecte et une recherche autour de ce sujet pendant quelques ann\u00e9es et d\u00e9cide finalement de reprendre des \u2026 <a class=\"continue-reading-link\" href=\"https:\/\/laurentportier.fr\/WordPress3\/\"> Continue reading <span class=\"meta-nav\">&rarr; <\/span><\/a><\/p>\n","protected":false},"author":1,"featured_media":0,"parent":0,"menu_order":0,"comment_status":"closed","ping_status":"open","template":"","meta":[],"_links":{"self":[{"href":"https:\/\/laurentportier.fr\/WordPress3\/wp-json\/wp\/v2\/pages\/5"}],"collection":[{"href":"https:\/\/laurentportier.fr\/WordPress3\/wp-json\/wp\/v2\/pages"}],"about":[{"href":"https:\/\/laurentportier.fr\/WordPress3\/wp-json\/wp\/v2\/types\/page"}],"author":[{"embeddable":true,"href":"https:\/\/laurentportier.fr\/WordPress3\/wp-json\/wp\/v2\/users\/1"}],"replies":[{"embeddable":true,"href":"https:\/\/laurentportier.fr\/WordPress3\/wp-json\/wp\/v2\/comments?post=5"}],"version-history":[{"count":9,"href":"https:\/\/laurentportier.fr\/WordPress3\/wp-json\/wp\/v2\/pages\/5\/revisions"}],"predecessor-version":[{"id":219,"href":"https:\/\/laurentportier.fr\/WordPress3\/wp-json\/wp\/v2\/pages\/5\/revisions\/219"}],"wp:attachment":[{"href":"https:\/\/laurentportier.fr\/WordPress3\/wp-json\/wp\/v2\/media?parent=5"}],"curies":[{"name":"wp","href":"https:\/\/api.w.org\/{rel}","templated":true}]}}