{"id":20,"date":"2012-11-28T07:31:55","date_gmt":"2012-11-28T06:31:55","guid":{"rendered":"http:\/\/laurentportier.fr\/WordPress3\/?page_id=20"},"modified":"2024-01-07T15:02:36","modified_gmt":"2024-01-07T14:02:36","slug":"tarifs","status":"publish","type":"page","link":"https:\/\/laurentportier.fr\/WordPress3\/tarifs\/","title":{"rendered":"Tarifs"},"content":{"rendered":"<p>Tarifs<\/p>\n<p>S\u00e9ance d&rsquo;Energ\u00e9tique Traditionnelle Chinoise 50\u20ac \u00e0 <strong>Tours<\/strong> et <strong>Loches<\/strong><\/p>\n<p>S\u00e9ance de Bilan \u00c9nerg\u00e9tique Chinois \u00ab BaZi \u00bb 90\u20ac<\/p>\n<p>S\u00e9ances du Lundi au Vendredi de 9h00 \u00e0 19h00 par le\u00a0t\u00e9l\u00e9phone\u00a006 45 76 27 20<\/p>\n<p><strong>A Tours<\/strong> les Lundi Mardi Mercredi Vendredi :\u00a045 rue de Beaujardin 37000 TOURS<\/p>\n<p><strong>A Loches<\/strong> le Jeudi : au Medi Spa des Bains Douches rue du Sanitas 37600 LOCHES<\/p>\n","protected":false},"excerpt":{"rendered":"<p>Tarifs S\u00e9ance d&rsquo;Energ\u00e9tique Traditionnelle Chinoise 50\u20ac \u00e0 Tours et Loches S\u00e9ance de Bilan \u00c9nerg\u00e9tique Chinois \u00ab BaZi \u00bb 90\u20ac S\u00e9ances du Lundi au Vendredi de 9h00 \u00e0 19h00 par le\u00a0t\u00e9l\u00e9phone\u00a006 45 76 27 20 A Tours les Lundi Mardi Mercredi Vendredi :\u00a045 rue de Beaujardin 37000 TOURS A Loches le \u2026 <a class=\"continue-reading-link\" href=\"https:\/\/laurentportier.fr\/WordPress3\/tarifs\/\"> Continue reading <span class=\"meta-nav\">&rarr; <\/span><\/a><\/p>\n","protected":false},"author":1,"featured_media":0,"parent":0,"menu_order":0,"comment_status":"closed","ping_status":"open","template":"","meta":[],"_links":{"self":[{"href":"https:\/\/laurentportier.fr\/WordPress3\/wp-json\/wp\/v2\/pages\/20"}],"collection":[{"href":"https:\/\/laurentportier.fr\/WordPress3\/wp-json\/wp\/v2\/pages"}],"about":[{"href":"https:\/\/laurentportier.fr\/WordPress3\/wp-json\/wp\/v2\/types\/page"}],"author":[{"embeddable":true,"href":"https:\/\/laurentportier.fr\/WordPress3\/wp-json\/wp\/v2\/users\/1"}],"replies":[{"embeddable":true,"href":"https:\/\/laurentportier.fr\/WordPress3\/wp-json\/wp\/v2\/comments?post=20"}],"version-history":[{"count":21,"href":"https:\/\/laurentportier.fr\/WordPress3\/wp-json\/wp\/v2\/pages\/20\/revisions"}],"predecessor-version":[{"id":223,"href":"https:\/\/laurentportier.fr\/WordPress3\/wp-json\/wp\/v2\/pages\/20\/revisions\/223"}],"wp:attachment":[{"href":"https:\/\/laurentportier.fr\/WordPress3\/wp-json\/wp\/v2\/media?parent=20"}],"curies":[{"name":"wp","href":"https:\/\/api.w.org\/{rel}","templated":true}]}}