{"id":17,"date":"2012-11-28T07:31:33","date_gmt":"2012-11-28T06:31:33","guid":{"rendered":"http:\/\/laurentportier.fr\/WordPress3\/?page_id=17"},"modified":"2021-01-31T19:13:46","modified_gmt":"2021-01-31T18:13:46","slug":"qigong-medical","status":"publish","type":"page","link":"https:\/\/laurentportier.fr\/WordPress3\/qigong-medical\/","title":{"rendered":"QiGong"},"content":{"rendered":"<p>Sciences de la Vie (ShengMing)<\/p>\n<p>Premi\u00e8re d\u00e9finition, nous parlons avec ces techniques de r\u00e9habilitation de conditionnement et non de gu\u00e9rison. Le monde et les \u00eatres humains sont toujours en \u00e9volution et parler de gu\u00e9rison serait mettre dans un carcan relatif de l\u2019\u00e9tat de sant\u00e9. De cela il est facile de comprendre les diff\u00e9rences de niveau de souffrance d\u2019un individu \u00e0 un autre.<\/p>\n<p>Pour commencer cette pr\u00e9sentation partons des postulats ta\u00f4iste<\/p>\n<p>TIAN REN DU ou TIAN REN RE YI<\/p>\n<p>L\u2019homme est n\u00e9 de la rencontre des souffles du ciel et de la terre. Tout se qui se produit en lui est une image et une appartenance au couple Ciel\/Terre. Ciel et Terre sont anim\u00e9s par le Shen c\u00e9leste et le Jing de la terre.<\/p>\n<p>\u795eShen puissances cosmiques permettant aux \u00eatres de changer, de g\u00e9rer les transformations de leur existence.<\/p>\n<p>\u7cbe Jing comporte \u00e0 gauche le grain de riz pr\u00eat \u00e0 \u00eatre broyer et cuit, \u00e0 droite le verdoiement \u9752 couleur de la jeune plante qui cro\u00eet pouss\u00e9e par une s\u00e8ve riche qui est son liquide de vie par analogie le sang de l\u2019homme.<\/p>\n<p>L homme \u00e0 sa naissance re\u00e7oit le Shen et le Jing par l\u2019interm\u00e9diaire de ces parents.<\/p>\n<p>Son capital \u00e9nerg\u00e9tique Yuan Qi constitue de cette paire est acquis \u00e0 ce moment l\u00e0. Cette fusion du Shen et du Jing \u00e0 la naissance fait partie du ciel ant\u00e9rieur. Ce qui relate de sa vie future se nomme ciel post\u00e9rieur. Les interactions des souffles du ciel et de la terre ne cessent de se produire perp\u00e9tuellement lors de la vie de l homme. Chaque individu a la capacit\u00e9 de condenser ces interactions. Cette aptitude de fusion est diff\u00e9rente selon les individus et de leurs \u00e9tats. Une pr\u00e9cision de d\u00e9finition est n\u00e9cessaire sur le mot \u00ab etat \u00bb .<\/p>\n<p>Par \u00e9tat il faut comprendre \u00e9tat de conscience, \u00e9tat \u00e9motionnel, \u00e9tat de pr\u00e9sence,\u2026 bref une ad\u00e9quation, r\u00e9ception, sensibilit\u00e9 \u00e0 notre environnement (bien sur ici nous parlons du Shen et du Jing, souffles du ciel et de la terre).<\/p>\n<p>Donc en fonction de notre \u00e9tat nous serons \u00e0 m\u00eame d \u00eatre en accord ou l\u00e9g\u00e8rement en d\u00e9s\u00e9quilibre. Chaque individu rencontre tout au long de sa vie ces souffles, il est tributaire de son Yuan qi \u00e9nergie originelle, sa capacit\u00e9 de fusion et de positionnement (de son \u00e9tat, sa verticalit\u00e9 et son horizontalit\u00e9), ainsi de capter plus ou moins ces souffles.<\/p>\n<p>L\u2019univers est infini, l\u2019homme ne pourra jamais acc\u00e9der \u00e0 son immensit\u00e9, et restera toujours dans l\u2019incompr\u00e9hension. Nous avons conscience que l\u2019univers contient une infinit\u00e9 d\u2019informations et d\u2019\u00e9nergie. Dans ce vaste domaine de l\u2019\u00e9nergie, la discipline de l\u2019\u00e9lectromagn\u00e9tisme se rapproche de ce que nous pouvons comprendre de l\u2019\u00e9nergie. Les \u00eatres humains ne connaissent pas le domaine \u00e9nerg\u00e9tique, et surtout ses caract\u00e9ristiques, ses param\u00e8tres. Pour l\u2019humanit\u00e9, ce champ d\u2019\u00e9nergie est une in\u00e9puisable richesse de l\u2019univers.<\/p>\n<p>La science de la vie \u00ab ShengMing \u00bb en chinois se d\u00e9compose en 2 parties<\/p>\n<p>1\/ \u751f\u547d\u4fe1\u606f\u4f20\u5bfc\u6280\u672fSheng ming xin xi chuan dao ji shu ou bien traduit \u00ab technologie de transmission des informations de la vie \u00bb<\/p>\n<p>2\/\u751f\u547d\u80fd\u91cf\u4f20\u5bfc\u6280\u672fSheng ming neng liang chuan dao ji shu ou bien traduit \u00ab technologie de transmission d\u2019\u00e9nergie de la vie \u00bb<\/p>\n<p>Sheng Ming prend sa th\u00e9orie (Yuan Li \u539f\u7406) sur trois grandes disciplines<\/p>\n<p>1\/ \u7269wu zhe la mati\u00e8re et la g\u00e9n\u00e9tique \u57fa\u56e0 ji yin<\/p>\n<p>2\/ \u80fd\u91cfneng liang, \u00e9nergie, puissance et la th\u00e9orie WuYun Liu Qi\u4e94\u8fd0\u516d\u6c23<\/p>\n<p>3\/ \u4fe1\u606fxin xi informations de vie<\/p>\n<p>&nbsp;<\/p>\n","protected":false},"excerpt":{"rendered":"<p>Sciences de la Vie (ShengMing) Premi\u00e8re d\u00e9finition, nous parlons avec ces techniques de r\u00e9habilitation de conditionnement et non de gu\u00e9rison. Le monde et les \u00eatres humains sont toujours en \u00e9volution et parler de gu\u00e9rison serait mettre dans un carcan relatif de l\u2019\u00e9tat de sant\u00e9. De cela il est facile de \u2026 <a class=\"continue-reading-link\" href=\"https:\/\/laurentportier.fr\/WordPress3\/qigong-medical\/\"> Continue reading <span class=\"meta-nav\">&rarr; <\/span><\/a><\/p>\n","protected":false},"author":1,"featured_media":0,"parent":0,"menu_order":0,"comment_status":"closed","ping_status":"open","template":"","meta":[],"_links":{"self":[{"href":"https:\/\/laurentportier.fr\/WordPress3\/wp-json\/wp\/v2\/pages\/17"}],"collection":[{"href":"https:\/\/laurentportier.fr\/WordPress3\/wp-json\/wp\/v2\/pages"}],"about":[{"href":"https:\/\/laurentportier.fr\/WordPress3\/wp-json\/wp\/v2\/types\/page"}],"author":[{"embeddable":true,"href":"https:\/\/laurentportier.fr\/WordPress3\/wp-json\/wp\/v2\/users\/1"}],"replies":[{"embeddable":true,"href":"https:\/\/laurentportier.fr\/WordPress3\/wp-json\/wp\/v2\/comments?post=17"}],"version-history":[{"count":3,"href":"https:\/\/laurentportier.fr\/WordPress3\/wp-json\/wp\/v2\/pages\/17\/revisions"}],"predecessor-version":[{"id":157,"href":"https:\/\/laurentportier.fr\/WordPress3\/wp-json\/wp\/v2\/pages\/17\/revisions\/157"}],"wp:attachment":[{"href":"https:\/\/laurentportier.fr\/WordPress3\/wp-json\/wp\/v2\/media?parent=17"}],"curies":[{"name":"wp","href":"https:\/\/api.w.org\/{rel}","templated":true}]}}