{"id":14,"date":"2012-11-28T07:31:06","date_gmt":"2012-11-28T06:31:06","guid":{"rendered":"http:\/\/laurentportier.fr\/WordPress3\/?page_id=14"},"modified":"2021-01-31T19:47:16","modified_gmt":"2021-01-31T18:47:16","slug":"bazi","status":"publish","type":"page","link":"https:\/\/laurentportier.fr\/WordPress3\/bazi\/","title":{"rendered":"Bazi"},"content":{"rendered":"<p>\u00ab BA ZI \u00bb est le titre d\u2019une science chinoise qui \u00e0 partir d\u2019une date du calendrier traditionnel peut d\u00e9crire les potentialit\u00e9s de ce moment pr\u00e9cis en termes des \u00ab Cinq El\u00e9ments wu-xing \u00bb. Cette date peut \u00eatre la date du jour ou d\u2019un jour pass\u00e9 voir m\u00eame la date de naissance d\u2019une personne ou celle de la signature d\u2019un acte important pour la vie personnelle, professionnelle ou intime.<\/p>\n<p>Ba en chinois veut dire huit et Zi veut dire \u00ab mots \u00bb ; ceux qui servent \u00e0 \u00e9crire des phrases.<\/p>\n<p>C\u2019est \u00e0 dire qu\u2019\u00e0 partir des \u00ab huit mots \u00bb d\u2019un instant pris pour r\u00e9f\u00e9rence, il est possible d\u2019\u00e9crire une phrase pr\u00e9cise, celle qui qualifie le mieux ce moment \u2013 moment qui ne se reproduira plus jamais semblable \u00e0 celui-ci (dans l\u2019unit\u00e9 de temps qu\u2019est la dur\u00e9e d\u2019une vie humaine).<\/p>\n<p>une s\u00e9ance de bilan \u00e9nerg\u00e9tique chinois :<\/p>\n<p>le Bilan \u00c9nerg\u00e9tique Chinois [BAZI]<br \/>\nest une \u00e9tude conduite \u00e0 partir de la date de naissance et qui donne des indications sur votre mode de fonctionnement, sur votre sant\u00e9, sur les fragilit\u00e9s constitutives \u00e9nerg\u00e9tiques, et ainsi comprendre comment mieux agir pour \u00e9viter des troubles (m\u00e9thode pr\u00e9dictive)<br \/>\nquels sont les sujets abord\u00e9s : au choix pour vous au cours de l\u2019entretient<\/p>\n<p>&#8211; la typologie: comment l\u2019on agit, sa propre nature, ses fa\u00e7ons de se positionner face \u00e0 une probl\u00e9matique<\/p>\n<p>&#8211; la place dans la famille: le r\u00f4le des parents, de la fratrie, des enfants (ou des productions qui sont les n\u00f4tres) , la place de la richesse ou du conjoint, et en derni\u00e8re de \u00e9veilleur (ce qui en nous nous pousse \u00e0 agir comme il faut, ou au contraire \u00e0 souffrir des injustices, des erreurs des autres, des malentendus, des actions qui ne se r\u00e9alisent pas comme il faut, etc..)<br \/>\nil y a toujours deux aspects \u00e0 chacun de ces cinq th\u00e8mes : l\u2019un qui aide favorablement, un autre aspect qui fait que la vie n\u2019est pas facile, que l\u2019on n\u2019est pas compris ou aid\u00e9 comme il faudrait. pourquoi les choses sont-elles si difficiles et \u00e9prouvantes, et comment faire face \u00e0 cela.<\/p>\n<p>&#8211; la temporologie: comment au cours d\u2019une vie l\u2019on re\u00e7oit soit des influences qui nous apportent une aide pr\u00e9cieuse, soit des ann\u00e9es (ou des mois) o\u00f9 rien ne va bien (et pas de notre faute) en rendant difficile la vie quotidienne.<\/p>\n<p>&#8211; les compatibilit\u00e9s inter-personnelles: comment s\u2019entend-on avec une autre personne, ce qui est en jeu, pourquoi c\u2019est le conflit, si ce n\u2019est la d\u00e9t\u00e9rioration, la cassure, la l\u00e9sion ; une aide afin que l\u2019on puisse vraiment savoir ce qui est en jeu dans une relation.<br \/>\n\u2013 etc..<\/p>\n","protected":false},"excerpt":{"rendered":"<p>\u00ab BA ZI \u00bb est le titre d\u2019une science chinoise qui \u00e0 partir d\u2019une date du calendrier traditionnel peut d\u00e9crire les potentialit\u00e9s de ce moment pr\u00e9cis en termes des \u00ab Cinq El\u00e9ments wu-xing \u00bb. Cette date peut \u00eatre la date du jour ou d\u2019un jour pass\u00e9 voir m\u00eame la date \u2026 <a class=\"continue-reading-link\" href=\"https:\/\/laurentportier.fr\/WordPress3\/bazi\/\"> Continue reading <span class=\"meta-nav\">&rarr; <\/span><\/a><\/p>\n","protected":false},"author":1,"featured_media":0,"parent":0,"menu_order":0,"comment_status":"closed","ping_status":"open","template":"","meta":[],"_links":{"self":[{"href":"https:\/\/laurentportier.fr\/WordPress3\/wp-json\/wp\/v2\/pages\/14"}],"collection":[{"href":"https:\/\/laurentportier.fr\/WordPress3\/wp-json\/wp\/v2\/pages"}],"about":[{"href":"https:\/\/laurentportier.fr\/WordPress3\/wp-json\/wp\/v2\/types\/page"}],"author":[{"embeddable":true,"href":"https:\/\/laurentportier.fr\/WordPress3\/wp-json\/wp\/v2\/users\/1"}],"replies":[{"embeddable":true,"href":"https:\/\/laurentportier.fr\/WordPress3\/wp-json\/wp\/v2\/comments?post=14"}],"version-history":[{"count":4,"href":"https:\/\/laurentportier.fr\/WordPress3\/wp-json\/wp\/v2\/pages\/14\/revisions"}],"predecessor-version":[{"id":170,"href":"https:\/\/laurentportier.fr\/WordPress3\/wp-json\/wp\/v2\/pages\/14\/revisions\/170"}],"wp:attachment":[{"href":"https:\/\/laurentportier.fr\/WordPress3\/wp-json\/wp\/v2\/media?parent=14"}],"curies":[{"name":"wp","href":"https:\/\/api.w.org\/{rel}","templated":true}]}}