{"id":138,"date":"2018-11-20T09:41:02","date_gmt":"2018-11-20T08:41:02","guid":{"rendered":"http:\/\/laurentportier.fr\/WordPress3\/?page_id=138"},"modified":"2021-01-31T19:52:58","modified_gmt":"2021-01-31T18:52:58","slug":"mentions-legales","status":"publish","type":"page","link":"https:\/\/laurentportier.fr\/WordPress3\/mentions-legales\/","title":{"rendered":"Mentions Legales"},"content":{"rendered":"<p><strong>EDITEUR :<\/strong><br \/>\nCe site est \u00e9dit\u00e9 par Laurent PORTIER:<br \/>\nSIRET :\u00a0444 249 080 00011<br \/>\nSi\u00e8ge social :\u00a0 45 rue de beaujardin 37000 TOURS<\/p>\n<p><strong>CREDITS :<\/strong><\/p>\n<p>http:\/\/www.laurentportier.fr\u00a0 est l&rsquo;adresse Internet officielle du site de Laurent PORTIER<br \/>\nDirecteur de la publication : Laurent PORTIER<\/p>\n<p><strong>HEBERGEMENT :<\/strong>OVH SAS au capital de 10 069 020 \u20ac<br \/>\nRCS Lille M\u00e9tropole 424 761 419 00045<br \/>\nCode APE 2620Z<br \/>\nN\u00b0 TVA : FR 22 424 761 419<br \/>\nSi\u00e8ge social : 2 rue Kellermann &#8211; 59100 Roubaix &#8211; France<\/p>\n<p><strong>CREATION DU SITE INTERNET, DEVELOPPEMENT :<\/strong><br \/>\nLaurent PORTIER<br \/>\n45 rue de beaujardin 37000 TOURS<\/p>\n<p><strong>CREDITS PHOTOGRAPHIQUES<\/strong><br \/>\nLaurent PORTIER<\/p>\n<p><strong>CONDITIONS D&rsquo;UTILISATION :<\/strong><br \/>\nToute personne qui acc\u00e8de au site de Laurent PORTIER\u00a0 (http:\/\/www.laurentportier.fr ) (ci-apr\u00e8s \u00ab le Site \u00bb) s&rsquo;engage \u00e0 respecter les pr\u00e9sentes conditions d&rsquo;utilisation.<br \/>\nToute personne consultant le Site est responsable des donn\u00e9es qu&rsquo;elle diffuse, utilise et\/ou transf\u00e8re et s&rsquo;engage \u00e0 ce titre \u00e0 respecter la r\u00e9glementation fran\u00e7aise en vigueur, notamment celle relative aux contenus manifestement illicites (atteintes aux bonnes m\u0153urs, incitation \u00e0 la haine raciale, p\u00e9dophilie, &#8230;) ou \u00e0 la protection des droits des tiers (droits de propri\u00e9t\u00e9 intellectuelle, &#8230;). Laurent PORTIER n&rsquo;est pas responsable de l&rsquo;usage des donn\u00e9es, du contenu diffus\u00e9 par une autre personne et qui, notamment, ne respecterait pas la r\u00e9glementation en vigueur.<br \/>\nLa mise en place d&rsquo;un lien hypertexte vers le Site n\u00e9cessite une autorisation pr\u00e9alable et \u00e9crite de Laurent PORTIER qui ne peut en aucun cas \u00eatre tenue pour responsable des sites ayant un lien hypertexte avec le Site et d\u00e9cline toute responsabilit\u00e9 quant \u00e0 leur contenu et \u00e0 leur utilisation.<br \/>\nLe Site est soumis \u00e0 la loi fran\u00e7aise, les tribunaux fran\u00e7ais \u00e9tant seuls comp\u00e9tents en cas de litige.<\/p>\n<p><strong>PROPRIETE :<\/strong><br \/>\nLa pr\u00e9sentation et le contenu du site http:\/\/www.laurentportier.fr\u00a0 constituent, ensemble, une \u0153uvre prot\u00e9g\u00e9e par les lois en vigueur des droits d\u2019auteur, de la propri\u00e9t\u00e9 intellectuelle et industrielle. Les d\u00e9nominations ou appellations, les logos sont, sauf indications particuli\u00e8res, des marques d\u00e9pos\u00e9es. Les cr\u00e9ations apparaissant \u00e9ventuellement sur le Site, dessins, photographies, images, textes, s\u00e9quences anim\u00e9es sonores ou non et autres documentations repr\u00e9sent\u00e9es, sont objets de droits d\u2019auteur, de propri\u00e9t\u00e9 industrielle et\/ou intellectuelle et sont, selon les cas, propri\u00e9t\u00e9 de Laurent PORTIER ou de tiers ayant autoris\u00e9 Laurent PORTIER \u00e0 les utiliser.<br \/>\nAucune exploitation commerciale, reproduction, repr\u00e9sentation, utilisation, adaptation, modification, incorporation, traduction, commercialisation, partielle ou int\u00e9grale de ces \u00e9l\u00e9ments (y compris ceux t\u00e9l\u00e9chargeables ou copiables) ne pourra en \u00eatre faite sans l&rsquo;accord pr\u00e9alable et \u00e9crit de Laurent PORTIER, \u00e0 l&rsquo;exception de l&rsquo;utilisation pour un usage priv\u00e9 sous r\u00e9serve des dispositions diff\u00e9rentes voire plus restrictives du Code de la propri\u00e9t\u00e9 intellectuelle.<\/p>\n","protected":false},"excerpt":{"rendered":"<p>EDITEUR : Ce site est \u00e9dit\u00e9 par Laurent PORTIER: SIRET :\u00a0444 249 080 00011 Si\u00e8ge social :\u00a0 45 rue de beaujardin 37000 TOURS CREDITS : http:\/\/www.laurentportier.fr\u00a0 est l&rsquo;adresse Internet officielle du site de Laurent PORTIER Directeur de la publication : Laurent PORTIER HEBERGEMENT :OVH SAS au capital de 10 069 \u2026 <a class=\"continue-reading-link\" href=\"https:\/\/laurentportier.fr\/WordPress3\/mentions-legales\/\"> Continue reading <span class=\"meta-nav\">&rarr; <\/span><\/a><\/p>\n","protected":false},"author":1,"featured_media":0,"parent":0,"menu_order":0,"comment_status":"closed","ping_status":"closed","template":"","meta":[],"_links":{"self":[{"href":"https:\/\/laurentportier.fr\/WordPress3\/wp-json\/wp\/v2\/pages\/138"}],"collection":[{"href":"https:\/\/laurentportier.fr\/WordPress3\/wp-json\/wp\/v2\/pages"}],"about":[{"href":"https:\/\/laurentportier.fr\/WordPress3\/wp-json\/wp\/v2\/types\/page"}],"author":[{"embeddable":true,"href":"https:\/\/laurentportier.fr\/WordPress3\/wp-json\/wp\/v2\/users\/1"}],"replies":[{"embeddable":true,"href":"https:\/\/laurentportier.fr\/WordPress3\/wp-json\/wp\/v2\/comments?post=138"}],"version-history":[{"count":1,"href":"https:\/\/laurentportier.fr\/WordPress3\/wp-json\/wp\/v2\/pages\/138\/revisions"}],"predecessor-version":[{"id":140,"href":"https:\/\/laurentportier.fr\/WordPress3\/wp-json\/wp\/v2\/pages\/138\/revisions\/140"}],"wp:attachment":[{"href":"https:\/\/laurentportier.fr\/WordPress3\/wp-json\/wp\/v2\/media?parent=138"}],"curies":[{"name":"wp","href":"https:\/\/api.w.org\/{rel}","templated":true}]}}