{"id":61,"date":"2015-07-08T21:02:28","date_gmt":"2015-07-08T19:02:28","guid":{"rendered":"http:\/\/laurentportier.fr\/WordPress3\/?page_id=61"},"modified":"2019-10-08T16:23:54","modified_gmt":"2019-10-08T14:23:54","slug":"ligmincha","status":"publish","type":"page","link":"http:\/\/laurentportier.fr\/WordPress3\/ligmincha\/","title":{"rendered":"Yoga Tibetain"},"content":{"rendered":"<p>Sous l&rsquo;organisation <strong>LIGMINCHA<\/strong> France<br \/>\nLe groupe de pratique de Tours se r\u00e9unit :<\/p>\n<ul>\n<li>tous les mercredi de 17h30 \u00e0 19h30 \u00e0 Tours<\/li>\n<li>tous les jeudi de 12h \u00e0 13h et 18h \u00e0 19h \u00e0 Loches<\/li>\n<\/ul>\n<p>Pour plus d&rsquo;informations me contacter et\u00a0<strong>www.ligmincha.fr<\/strong><\/p>\n<p>Me contacter pour\u00a0r\u00e9server\u00a0et pour plus d&rsquo;informations.<\/p>\n<p>Laurent PORTIER Tel 06 45 76 27 20<\/p>\n<p>Nous pratiquons les neufs respirations purificatrices :<\/p>\n<div style=\"width: 800px;\" class=\"wp-video\"><!--[if lt IE 9]><script>document.createElement('video');<\/script><![endif]-->\n<video class=\"wp-video-shortcode\" id=\"video-61-1\" width=\"800\" height=\"450\" preload=\"metadata\" controls=\"controls\"><source type=\"video\/mp4\" src=\"http:\/\/laurentportier.fr\/WordPress3\/wp-content\/uploads\/2015\/07\/tenzin-wangyal-rinpoche-9-respirations.mp4?_=1\" \/><a href=\"http:\/\/laurentportier.fr\/WordPress3\/wp-content\/uploads\/2015\/07\/tenzin-wangyal-rinpoche-9-respirations.mp4\">http:\/\/laurentportier.fr\/WordPress3\/wp-content\/uploads\/2015\/07\/tenzin-wangyal-rinpoche-9-respirations.mp4<\/a><\/video><\/div>\n<div style=\"width: 800px;\" class=\"wp-video\"><video class=\"wp-video-shortcode\" id=\"video-61-2\" width=\"800\" height=\"450\" preload=\"metadata\" controls=\"controls\"><source type=\"video\/mp4\" src=\"http:\/\/laurentportier.fr\/WordPress3\/wp-content\/uploads\/2018\/09\/9-breathings-of-purification.mp4?_=2\" \/><a href=\"http:\/\/laurentportier.fr\/WordPress3\/wp-content\/uploads\/2018\/09\/9-breathings-of-purification.mp4\">http:\/\/laurentportier.fr\/WordPress3\/wp-content\/uploads\/2018\/09\/9-breathings-of-purification.mp4<\/a><\/video><\/div>\n<p>Les 5 Tsa Lung du Trulkhor :<\/p>\n<div style=\"width: 800px;\" class=\"wp-video\"><video class=\"wp-video-shortcode\" id=\"video-61-3\" width=\"800\" height=\"450\" preload=\"metadata\" controls=\"controls\"><source type=\"video\/mp4\" src=\"http:\/\/laurentportier.fr\/WordPress3\/wp-content\/uploads\/2015\/07\/tenzin-wangyal-rinpoche-5-tsa-lung-1.mp4?_=3\" \/><a href=\"http:\/\/laurentportier.fr\/WordPress3\/wp-content\/uploads\/2015\/07\/tenzin-wangyal-rinpoche-5-tsa-lung-1.mp4\">http:\/\/laurentportier.fr\/WordPress3\/wp-content\/uploads\/2015\/07\/tenzin-wangyal-rinpoche-5-tsa-lung-1.mp4<\/a><\/video><\/div>\n<div style=\"width: 800px;\" class=\"wp-video\"><video class=\"wp-video-shortcode\" id=\"video-61-4\" width=\"800\" height=\"450\" preload=\"metadata\" controls=\"controls\"><source type=\"video\/mp4\" src=\"http:\/\/laurentportier.fr\/WordPress3\/wp-content\/uploads\/2015\/07\/tenzin-wangyal-rinpoche-5-tsa-lung-2.mp4?_=4\" \/><a href=\"http:\/\/laurentportier.fr\/WordPress3\/wp-content\/uploads\/2015\/07\/tenzin-wangyal-rinpoche-5-tsa-lung-2.mp4\">http:\/\/laurentportier.fr\/WordPress3\/wp-content\/uploads\/2015\/07\/tenzin-wangyal-rinpoche-5-tsa-lung-2.mp4<\/a><\/video><\/div>\n<p>les Mudras des 5 elements<\/p>\n<div style=\"width: 640px;\" class=\"wp-video\"><video class=\"wp-video-shortcode\" id=\"video-61-5\" width=\"640\" height=\"360\" preload=\"metadata\" controls=\"controls\"><source type=\"video\/mp4\" src=\"http:\/\/laurentportier.fr\/WordPress3\/wp-content\/uploads\/2015\/07\/Mudras-of-5-Elements-in-Bon-Tradition.mp4?_=5\" \/><a href=\"http:\/\/laurentportier.fr\/WordPress3\/wp-content\/uploads\/2015\/07\/Mudras-of-5-Elements-in-Bon-Tradition.mp4\">http:\/\/laurentportier.fr\/WordPress3\/wp-content\/uploads\/2015\/07\/Mudras-of-5-Elements-in-Bon-Tradition.mp4<\/a><\/video><\/div>\n","protected":false},"excerpt":{"rendered":"<p>Sous l&rsquo;organisation LIGMINCHA France Le groupe de pratique de Tours se r\u00e9unit : tous les mercredi de 17h30 \u00e0 19h30 \u00e0 Tours tous les jeudi de 12h \u00e0 13h et 18h \u00e0 19h \u00e0 Loches Pour plus d&rsquo;informations me contacter et\u00a0www.ligmincha.fr Me contacter pour\u00a0r\u00e9server\u00a0et pour plus d&rsquo;informations. Laurent PORTIER Tel \u2026 <a class=\"continue-reading-link\" href=\"http:\/\/laurentportier.fr\/WordPress3\/ligmincha\/\"> Continue reading <span class=\"meta-nav\">&rarr; <\/span><\/a><\/p>\n","protected":false},"author":1,"featured_media":0,"parent":0,"menu_order":0,"comment_status":"closed","ping_status":"open","template":"","meta":[],"_links":{"self":[{"href":"http:\/\/laurentportier.fr\/WordPress3\/wp-json\/wp\/v2\/pages\/61"}],"collection":[{"href":"http:\/\/laurentportier.fr\/WordPress3\/wp-json\/wp\/v2\/pages"}],"about":[{"href":"http:\/\/laurentportier.fr\/WordPress3\/wp-json\/wp\/v2\/types\/page"}],"author":[{"embeddable":true,"href":"http:\/\/laurentportier.fr\/WordPress3\/wp-json\/wp\/v2\/users\/1"}],"replies":[{"embeddable":true,"href":"http:\/\/laurentportier.fr\/WordPress3\/wp-json\/wp\/v2\/comments?post=61"}],"version-history":[{"count":19,"href":"http:\/\/laurentportier.fr\/WordPress3\/wp-json\/wp\/v2\/pages\/61\/revisions"}],"predecessor-version":[{"id":145,"href":"http:\/\/laurentportier.fr\/WordPress3\/wp-json\/wp\/v2\/pages\/61\/revisions\/145"}],"wp:attachment":[{"href":"http:\/\/laurentportier.fr\/WordPress3\/wp-json\/wp\/v2\/media?parent=61"}],"curies":[{"name":"wp","href":"https:\/\/api.w.org\/{rel}","templated":true}]}}